{"id":103,"date":"2024-03-09T19:24:11","date_gmt":"2024-03-10T00:24:11","guid":{"rendered":"https:\/\/laeliabrugiroux.com\/?page_id=103"},"modified":"2024-03-20T20:34:05","modified_gmt":"2024-03-21T00:34:05","slug":"a-propos","status":"publish","type":"page","link":"https:\/\/laeliabrugiroux.com\/index.php\/a-propos\/","title":{"rendered":"\u00c0 propos"},"content":{"rendered":"\n<div class=\"wp-block-columns has-ast-global-color-6-background-color has-background is-layout-flex wp-container-core-columns-is-layout-28f84493 wp-block-columns-is-layout-flex\">\n<div class=\"wp-block-column is-vertically-aligned-center is-layout-flow wp-block-column-is-layout-flow\">\n<h2 class=\"wp-block-heading\" style=\"padding-right:0;padding-left:0\">Salut! Moi c&rsquo;est Laelia<\/h2>\n\n\n\n<p>Apprenante en Pr\u00e9-graduate design graphique chez STUDI. Je suis passionn\u00e9e d&rsquo;arts et de design. <\/p>\n<\/div>\n\n\n\n<div class=\"wp-block-column is-layout-flow wp-block-column-is-layout-flow\">\n<figure class=\"wp-block-image size-large\"><img loading=\"lazy\" decoding=\"async\" width=\"724\" height=\"1024\" src=\"http:\/\/laeliabrugiroux.com\/wp-content\/uploads\/2024\/03\/Illustration-auto-portrait-2--724x1024.jpg\" alt=\"\" class=\"wp-image-85\" srcset=\"https:\/\/laeliabrugiroux.com\/wp-content\/uploads\/2024\/03\/Illustration-auto-portrait-2--724x1024.jpg 724w, https:\/\/laeliabrugiroux.com\/wp-content\/uploads\/2024\/03\/Illustration-auto-portrait-2--212x300.jpg 212w, https:\/\/laeliabrugiroux.com\/wp-content\/uploads\/2024\/03\/Illustration-auto-portrait-2--106x150.jpg 106w, https:\/\/laeliabrugiroux.com\/wp-content\/uploads\/2024\/03\/Illustration-auto-portrait-2--768x1086.jpg 768w, https:\/\/laeliabrugiroux.com\/wp-content\/uploads\/2024\/03\/Illustration-auto-portrait-2-.jpg 842w\" sizes=\"auto, (max-width: 724px) 100vw, 724px\" \/><\/figure>\n<\/div>\n<\/div>\n","protected":false},"excerpt":{"rendered":"<p>Salut! Moi c&rsquo;est Laelia Apprenante en Pr\u00e9-graduate design graphique chez STUDI. Je suis passionn\u00e9e d&rsquo;arts et de design.<\/p>\n","protected":false},"author":1,"featured_media":0,"parent":0,"menu_order":0,"comment_status":"closed","ping_status":"closed","template":"","meta":{"site-sidebar-layout":"default","site-content-layout":"","ast-site-content-layout":"","site-content-style":"default","site-sidebar-style":"default","ast-global-header-display":"","ast-banner-title-visibility":"","ast-main-header-display":"","ast-hfb-above-header-display":"","ast-hfb-below-header-display":"","ast-hfb-mobile-header-display":"","site-post-title":"disabled","ast-breadcrumbs-content":"","ast-featured-img":"","footer-sml-layout":"","theme-transparent-header-meta":"","adv-header-id-meta":"","stick-header-meta":"","header-above-stick-meta":"","header-main-stick-meta":"","header-below-stick-meta":"","astra-migrate-meta-layouts":"default","ast-page-background-enabled":"default","ast-page-background-meta":{"desktop":{"background-color":"var(--ast-global-color-4)","background-image":"","background-repeat":"repeat","background-position":"center center","background-size":"auto","background-attachment":"scroll","background-type":"","background-media":"","overlay-type":"","overlay-color":"","overlay-opacity":"","overlay-gradient":""},"tablet":{"background-color":"","background-image":"","background-repeat":"repeat","background-position":"center center","background-size":"auto","background-attachment":"scroll","background-type":"","background-media":"","overlay-type":"","overlay-color":"","overlay-opacity":"","overlay-gradient":""},"mobile":{"background-color":"","background-image":"","background-repeat":"repeat","background-position":"center center","background-size":"auto","background-attachment":"scroll","background-type":"","background-media":"","overlay-type":"","overlay-color":"","overlay-opacity":"","overlay-gradient":""}},"ast-content-background-meta":{"desktop":{"background-color":"var(--ast-global-color-5)","background-image":"","background-repeat":"repeat","background-position":"center center","background-size":"auto","background-attachment":"scroll","background-type":"","background-media":"","overlay-type":"","overlay-color":"","overlay-opacity":"","overlay-gradient":""},"tablet":{"background-color":"var(--ast-global-color-5)","background-image":"","background-repeat":"repeat","background-position":"center center","background-size":"auto","background-attachment":"scroll","background-type":"","background-media":"","overlay-type":"","overlay-color":"","overlay-opacity":"","overlay-gradient":""},"mobile":{"background-color":"var(--ast-global-color-5)","background-image":"","background-repeat":"repeat","background-position":"center center","background-size":"auto","background-attachment":"scroll","background-type":"","background-media":"","overlay-type":"","overlay-color":"","overlay-opacity":"","overlay-gradient":""}},"footnotes":""},"class_list":["post-103","page","type-page","status-publish","hentry"],"yoast_head":"<!-- This site is optimized with the Yoast SEO plugin v25.8 - https:\/\/yoast.com\/wordpress\/plugins\/seo\/ -->\n<title>\u00c0 propos - Book de Laelia Brugiroux<\/title>\n<meta name=\"robots\" content=\"index, follow, max-snippet:-1, max-image-preview:large, max-video-preview:-1\" \/>\n<link rel=\"canonical\" href=\"https:\/\/laeliabrugiroux.com\/index.php\/a-propos\/\" \/>\n<meta property=\"og:locale\" content=\"fr_FR\" \/>\n<meta property=\"og:type\" content=\"article\" \/>\n<meta property=\"og:title\" content=\"\u00c0 propos - Book de Laelia Brugiroux\" \/>\n<meta property=\"og:description\" content=\"Salut! Moi c&rsquo;est Laelia Apprenante en Pr\u00e9-graduate design graphique chez STUDI. Je suis passionn\u00e9e d&rsquo;arts et de design.\" \/>\n<meta property=\"og:url\" content=\"https:\/\/laeliabrugiroux.com\/index.php\/a-propos\/\" \/>\n<meta property=\"og:site_name\" content=\"Book de Laelia Brugiroux\" \/>\n<meta property=\"article:modified_time\" content=\"2024-03-21T00:34:05+00:00\" \/>\n<meta property=\"og:image\" content=\"http:\/\/laeliabrugiroux.com\/wp-content\/uploads\/2024\/03\/Illustration-auto-portrait-2--724x1024.jpg\" \/>\n<meta name=\"twitter:card\" content=\"summary_large_image\" \/>\n<meta name=\"twitter:label1\" content=\"Dur\u00e9e de lecture estim\u00e9e\" \/>\n\t<meta name=\"twitter:data1\" content=\"1 minute\" \/>\n<script type=\"application\/ld+json\" class=\"yoast-schema-graph\">{\"@context\":\"https:\/\/schema.org\",\"@graph\":[{\"@type\":\"WebPage\",\"@id\":\"https:\/\/laeliabrugiroux.com\/index.php\/a-propos\/\",\"url\":\"https:\/\/laeliabrugiroux.com\/index.php\/a-propos\/\",\"name\":\"\u00c0 propos - Book de Laelia Brugiroux\",\"isPartOf\":{\"@id\":\"https:\/\/laeliabrugiroux.com\/#website\"},\"primaryImageOfPage\":{\"@id\":\"https:\/\/laeliabrugiroux.com\/index.php\/a-propos\/#primaryimage\"},\"image\":{\"@id\":\"https:\/\/laeliabrugiroux.com\/index.php\/a-propos\/#primaryimage\"},\"thumbnailUrl\":\"http:\/\/laeliabrugiroux.com\/wp-content\/uploads\/2024\/03\/Illustration-auto-portrait-2--724x1024.jpg\",\"datePublished\":\"2024-03-10T00:24:11+00:00\",\"dateModified\":\"2024-03-21T00:34:05+00:00\",\"breadcrumb\":{\"@id\":\"https:\/\/laeliabrugiroux.com\/index.php\/a-propos\/#breadcrumb\"},\"inLanguage\":\"fr-FR\",\"potentialAction\":[{\"@type\":\"ReadAction\",\"target\":[\"https:\/\/laeliabrugiroux.com\/index.php\/a-propos\/\"]}]},{\"@type\":\"ImageObject\",\"inLanguage\":\"fr-FR\",\"@id\":\"https:\/\/laeliabrugiroux.com\/index.php\/a-propos\/#primaryimage\",\"url\":\"https:\/\/laeliabrugiroux.com\/wp-content\/uploads\/2024\/03\/Illustration-auto-portrait-2-.jpg\",\"contentUrl\":\"https:\/\/laeliabrugiroux.com\/wp-content\/uploads\/2024\/03\/Illustration-auto-portrait-2-.jpg\",\"width\":842,\"height\":1191},{\"@type\":\"BreadcrumbList\",\"@id\":\"https:\/\/laeliabrugiroux.com\/index.php\/a-propos\/#breadcrumb\",\"itemListElement\":[{\"@type\":\"ListItem\",\"position\":1,\"name\":\"Accueil\",\"item\":\"https:\/\/laeliabrugiroux.com\/\"},{\"@type\":\"ListItem\",\"position\":2,\"name\":\"\u00c0 propos\"}]},{\"@type\":\"WebSite\",\"@id\":\"https:\/\/laeliabrugiroux.com\/#website\",\"url\":\"https:\/\/laeliabrugiroux.com\/\",\"name\":\"Book de Laelia Brugiroux\",\"description\":\"\",\"publisher\":{\"@id\":\"https:\/\/laeliabrugiroux.com\/#organization\"},\"potentialAction\":[{\"@type\":\"SearchAction\",\"target\":{\"@type\":\"EntryPoint\",\"urlTemplate\":\"https:\/\/laeliabrugiroux.com\/?s={search_term_string}\"},\"query-input\":{\"@type\":\"PropertyValueSpecification\",\"valueRequired\":true,\"valueName\":\"search_term_string\"}}],\"inLanguage\":\"fr-FR\"},{\"@type\":\"Organization\",\"@id\":\"https:\/\/laeliabrugiroux.com\/#organization\",\"name\":\"Book de Laelia Brugiroux\",\"url\":\"https:\/\/laeliabrugiroux.com\/\",\"logo\":{\"@type\":\"ImageObject\",\"inLanguage\":\"fr-FR\",\"@id\":\"https:\/\/laeliabrugiroux.com\/#\/schema\/logo\/image\/\",\"url\":\"https:\/\/laeliabrugiroux.com\/wp-content\/uploads\/2024\/03\/cropped-Logo-book-LB-2.png\",\"contentUrl\":\"https:\/\/laeliabrugiroux.com\/wp-content\/uploads\/2024\/03\/cropped-Logo-book-LB-2.png\",\"width\":570,\"height\":570,\"caption\":\"Book de Laelia Brugiroux\"},\"image\":{\"@id\":\"https:\/\/laeliabrugiroux.com\/#\/schema\/logo\/image\/\"}}]}<\/script>\n<!-- \/ Yoast SEO plugin. -->","yoast_head_json":{"title":"\u00c0 propos - Book de Laelia Brugiroux","robots":{"index":"index","follow":"follow","max-snippet":"max-snippet:-1","max-image-preview":"max-image-preview:large","max-video-preview":"max-video-preview:-1"},"canonical":"https:\/\/laeliabrugiroux.com\/index.php\/a-propos\/","og_locale":"fr_FR","og_type":"article","og_title":"\u00c0 propos - Book de Laelia Brugiroux","og_description":"Salut! Moi c&rsquo;est Laelia Apprenante en Pr\u00e9-graduate design graphique chez STUDI. Je suis passionn\u00e9e d&rsquo;arts et de design.","og_url":"https:\/\/laeliabrugiroux.com\/index.php\/a-propos\/","og_site_name":"Book de Laelia Brugiroux","article_modified_time":"2024-03-21T00:34:05+00:00","og_image":[{"url":"http:\/\/laeliabrugiroux.com\/wp-content\/uploads\/2024\/03\/Illustration-auto-portrait-2--724x1024.jpg","type":"","width":"","height":""}],"twitter_card":"summary_large_image","twitter_misc":{"Dur\u00e9e de lecture estim\u00e9e":"1 minute"},"schema":{"@context":"https:\/\/schema.org","@graph":[{"@type":"WebPage","@id":"https:\/\/laeliabrugiroux.com\/index.php\/a-propos\/","url":"https:\/\/laeliabrugiroux.com\/index.php\/a-propos\/","name":"\u00c0 propos - Book de Laelia Brugiroux","isPartOf":{"@id":"https:\/\/laeliabrugiroux.com\/#website"},"primaryImageOfPage":{"@id":"https:\/\/laeliabrugiroux.com\/index.php\/a-propos\/#primaryimage"},"image":{"@id":"https:\/\/laeliabrugiroux.com\/index.php\/a-propos\/#primaryimage"},"thumbnailUrl":"http:\/\/laeliabrugiroux.com\/wp-content\/uploads\/2024\/03\/Illustration-auto-portrait-2--724x1024.jpg","datePublished":"2024-03-10T00:24:11+00:00","dateModified":"2024-03-21T00:34:05+00:00","breadcrumb":{"@id":"https:\/\/laeliabrugiroux.com\/index.php\/a-propos\/#breadcrumb"},"inLanguage":"fr-FR","potentialAction":[{"@type":"ReadAction","target":["https:\/\/laeliabrugiroux.com\/index.php\/a-propos\/"]}]},{"@type":"ImageObject","inLanguage":"fr-FR","@id":"https:\/\/laeliabrugiroux.com\/index.php\/a-propos\/#primaryimage","url":"https:\/\/laeliabrugiroux.com\/wp-content\/uploads\/2024\/03\/Illustration-auto-portrait-2-.jpg","contentUrl":"https:\/\/laeliabrugiroux.com\/wp-content\/uploads\/2024\/03\/Illustration-auto-portrait-2-.jpg","width":842,"height":1191},{"@type":"BreadcrumbList","@id":"https:\/\/laeliabrugiroux.com\/index.php\/a-propos\/#breadcrumb","itemListElement":[{"@type":"ListItem","position":1,"name":"Accueil","item":"https:\/\/laeliabrugiroux.com\/"},{"@type":"ListItem","position":2,"name":"\u00c0 propos"}]},{"@type":"WebSite","@id":"https:\/\/laeliabrugiroux.com\/#website","url":"https:\/\/laeliabrugiroux.com\/","name":"Book de Laelia Brugiroux","description":"","publisher":{"@id":"https:\/\/laeliabrugiroux.com\/#organization"},"potentialAction":[{"@type":"SearchAction","target":{"@type":"EntryPoint","urlTemplate":"https:\/\/laeliabrugiroux.com\/?s={search_term_string}"},"query-input":{"@type":"PropertyValueSpecification","valueRequired":true,"valueName":"search_term_string"}}],"inLanguage":"fr-FR"},{"@type":"Organization","@id":"https:\/\/laeliabrugiroux.com\/#organization","name":"Book de Laelia Brugiroux","url":"https:\/\/laeliabrugiroux.com\/","logo":{"@type":"ImageObject","inLanguage":"fr-FR","@id":"https:\/\/laeliabrugiroux.com\/#\/schema\/logo\/image\/","url":"https:\/\/laeliabrugiroux.com\/wp-content\/uploads\/2024\/03\/cropped-Logo-book-LB-2.png","contentUrl":"https:\/\/laeliabrugiroux.com\/wp-content\/uploads\/2024\/03\/cropped-Logo-book-LB-2.png","width":570,"height":570,"caption":"Book de Laelia Brugiroux"},"image":{"@id":"https:\/\/laeliabrugiroux.com\/#\/schema\/logo\/image\/"}}]}},"_links":{"self":[{"href":"https:\/\/laeliabrugiroux.com\/index.php\/wp-json\/wp\/v2\/pages\/103","targetHints":{"allow":["GET"]}}],"collection":[{"href":"https:\/\/laeliabrugiroux.com\/index.php\/wp-json\/wp\/v2\/pages"}],"about":[{"href":"https:\/\/laeliabrugiroux.com\/index.php\/wp-json\/wp\/v2\/types\/page"}],"author":[{"embeddable":true,"href":"https:\/\/laeliabrugiroux.com\/index.php\/wp-json\/wp\/v2\/users\/1"}],"replies":[{"embeddable":true,"href":"https:\/\/laeliabrugiroux.com\/index.php\/wp-json\/wp\/v2\/comments?post=103"}],"version-history":[{"count":7,"href":"https:\/\/laeliabrugiroux.com\/index.php\/wp-json\/wp\/v2\/pages\/103\/revisions"}],"predecessor-version":[{"id":395,"href":"https:\/\/laeliabrugiroux.com\/index.php\/wp-json\/wp\/v2\/pages\/103\/revisions\/395"}],"wp:attachment":[{"href":"https:\/\/laeliabrugiroux.com\/index.php\/wp-json\/wp\/v2\/media?parent=103"}],"curies":[{"name":"wp","href":"https:\/\/api.w.org\/{rel}","templated":true}]}}